{"id":2,"date":"2011-10-14T13:20:38","date_gmt":"2011-10-14T13:20:38","guid":{"rendered":"http:\/\/www.jeremiaspalazzesi.com.ar\/blog\/?page_id=2"},"modified":"2025-04-16T14:32:16","modified_gmt":"2025-04-16T17:32:16","slug":"acerca-de-mi","status":"publish","type":"page","link":"https:\/\/www.nerdadas.com\/blog\/acerca-de-mi\/","title":{"rendered":"Acerca de mi"},"content":{"rendered":"<p><a href=\"https:\/\/www.nerdadas.com\/blog\/wp-content\/uploads\/2019\/08\/270719-GuysLosGigantes-26.jpg\"><img loading=\"lazy\" decoding=\"async\" class=\"wp-image-1017 size-large alignright\" title=\"Este soy yo!\" src=\"https:\/\/www.nerdadas.com\/blog\/wp-content\/uploads\/2019\/08\/270719-GuysLosGigantes-26-1024x768.jpg\" alt=\"Jerem\u00edas\" width=\"1024\" height=\"768\" srcset=\"https:\/\/www.nerdadas.com\/blog\/wp-content\/uploads\/2019\/08\/270719-GuysLosGigantes-26-1024x768.jpg 1024w, https:\/\/www.nerdadas.com\/blog\/wp-content\/uploads\/2019\/08\/270719-GuysLosGigantes-26-300x225.jpg 300w, https:\/\/www.nerdadas.com\/blog\/wp-content\/uploads\/2019\/08\/270719-GuysLosGigantes-26-768x576.jpg 768w, https:\/\/www.nerdadas.com\/blog\/wp-content\/uploads\/2019\/08\/270719-GuysLosGigantes-26-640x480.jpg 640w, https:\/\/www.nerdadas.com\/blog\/wp-content\/uploads\/2019\/08\/270719-GuysLosGigantes-26-370x278.jpg 370w, https:\/\/www.nerdadas.com\/blog\/wp-content\/uploads\/2019\/08\/270719-GuysLosGigantes-26-1040x780.jpg 1040w, https:\/\/www.nerdadas.com\/blog\/wp-content\/uploads\/2019\/08\/270719-GuysLosGigantes-26.jpg 2048w\" sizes=\"auto, (max-width: 1024px) 100vw, 1024px\" \/><\/a><\/p>\n<p class=\"\" data-start=\"187\" data-end=\"495\">Hola, soy Jeremias. Trabajo como Jefe de Sistemas en una empresa, donde estoy al frente del \u00e1rea de redes, servidores y soporte t\u00e9cnico. Adem\u00e1s de eso, me gusta seguir aprendiendo, experimentar con nuevas herramientas y meter mano en todo lo que tenga que ver con infraestructura, automatizaci\u00f3n y seguridad.<\/p>\n<p class=\"\" data-start=\"497\" data-end=\"763\">Este blog naci\u00f3 como una forma de compartir lo que voy descubriendo en el camino: configuraciones, scripts, ideas, problemas que me cruc\u00e9 (y c\u00f3mo los resolv\u00ed), y todo eso que muchas veces no est\u00e1 en los manuales. Hay de todo un poco, siempre con foco en lo pr\u00e1ctico.<\/p>\n<p class=\"\" data-start=\"765\" data-end=\"915\">Si trabaj\u00e1s en tecnolog\u00eda, te gusta aprender haciendo y tambi\u00e9n perder tiempo probando cosas que despu\u00e9s terminan sirviendo, este espacio es para vos.<\/p>\n<p class=\"\" data-start=\"917\" data-end=\"936\">\u00a1Gracias por pasar!<\/p>\n","protected":false},"excerpt":{"rendered":"<p>Hola, soy Jeremias. Trabajo como Jefe de Sistemas en una empresa, donde estoy al frente del \u00e1rea de redes, servidores y soporte t\u00e9cnico. Adem\u00e1s de eso, me gusta seguir aprendiendo, experimentar con nuevas herramientas y meter mano en todo lo que tenga que ver con infraestructura, automatizaci\u00f3n y seguridad. Este blog naci\u00f3 como una forma [&hellip;]<\/p>\n","protected":false},"author":1,"featured_media":0,"parent":0,"menu_order":0,"comment_status":"open","ping_status":"open","template":"","meta":{"footnotes":""},"class_list":["post-2","page","type-page","status-publish","hentry"],"_links":{"self":[{"href":"https:\/\/www.nerdadas.com\/blog\/wp-json\/wp\/v2\/pages\/2","targetHints":{"allow":["GET"]}}],"collection":[{"href":"https:\/\/www.nerdadas.com\/blog\/wp-json\/wp\/v2\/pages"}],"about":[{"href":"https:\/\/www.nerdadas.com\/blog\/wp-json\/wp\/v2\/types\/page"}],"author":[{"embeddable":true,"href":"https:\/\/www.nerdadas.com\/blog\/wp-json\/wp\/v2\/users\/1"}],"replies":[{"embeddable":true,"href":"https:\/\/www.nerdadas.com\/blog\/wp-json\/wp\/v2\/comments?post=2"}],"version-history":[{"count":10,"href":"https:\/\/www.nerdadas.com\/blog\/wp-json\/wp\/v2\/pages\/2\/revisions"}],"predecessor-version":[{"id":1629,"href":"https:\/\/www.nerdadas.com\/blog\/wp-json\/wp\/v2\/pages\/2\/revisions\/1629"}],"wp:attachment":[{"href":"https:\/\/www.nerdadas.com\/blog\/wp-json\/wp\/v2\/media?parent=2"}],"curies":[{"name":"wp","href":"https:\/\/api.w.org\/{rel}","templated":true}]}}